 {"id":118161,"date":"2023-11-29T11:09:19","date_gmt":"2023-11-29T18:09:19","guid":{"rendered":"https:\/\/staging.summit-hydraulics.com\/?post_type=product&#038;p=118161"},"modified":"2024-11-15T11:00:42","modified_gmt":"2024-11-15T18:00:42","slug":"valvula-reguladora-de-caudal-variable-ajustable-en-linea-hidraulica-con-inversion-de-flujo-libre-1-sae","status":"publish","type":"product","link":"https:\/\/staging.summit-hydraulics.com\/es\/product\/hydraulic-in-line-adjustable-variable-flow-control-valve-w-free-reverse-flow-1-sae\/","title":{"rendered":"V\u00e1lvula de control de flujo variable ajustable en l\u00ednea hidr\u00e1ulica con flujo inverso libre, 1\u2033 SAE"},"content":{"rendered":"<p>Se utiliza para proporcionar control de caudal y cierre en una direcci\u00f3n con flujo inverso libre en la direcci\u00f3n opuesta.<\/p>\n<ul>\n<li>El pomo de ajuste cincado permite un ajuste preciso de la v\u00e1lvula<\/li>\n<li>El tornillo de fijaci\u00f3n permite bloquear la empu\u00f1adura<\/li>\n<li>Construcci\u00f3n resistente<\/li>\n<li>Cuerpo de acero al carbono con acabado de \u00f3xido negro<\/li>\n<li>Caudal m\u00e1ximo:  46.2 GPM<\/li>\n<li>Presi\u00f3n m\u00e1xima: 4569 PSI<\/li>\n<li>Juntas t\u00f3ricas de Buna N<\/li>\n<li>SAE16<\/li>\n<\/ul>","protected":false},"excerpt":{"rendered":"<p>V\u00e1lvula de control de flujo variable ajustable en l\u00ednea hidr\u00e1ulica con flujo inverso libre, 1\u2033 SAE<\/p>\n<p><strong>Env\u00edo gratuito<\/strong><\/p>","protected":false},"featured_media":118356,"comment_status":"open","ping_status":"closed","template":"","meta":[],"product_brand":[],"product_cat":[1495],"product_tag":[],"class_list":{"0":"post-118161","1":"product","2":"type-product","3":"status-publish","4":"has-post-thumbnail","6":"product_cat-adjustable-flow-valves","8":"first","9":"instock","10":"taxable","11":"shipping-taxable","12":"purchasable","13":"product-type-simple"},"_links":{"self":[{"href":"https:\/\/staging.summit-hydraulics.com\/es\/wp-json\/wp\/v2\/product\/118161","targetHints":{"allow":["GET"]}}],"collection":[{"href":"https:\/\/staging.summit-hydraulics.com\/es\/wp-json\/wp\/v2\/product"}],"about":[{"href":"https:\/\/staging.summit-hydraulics.com\/es\/wp-json\/wp\/v2\/types\/product"}],"replies":[{"embeddable":true,"href":"https:\/\/staging.summit-hydraulics.com\/es\/wp-json\/wp\/v2\/comments?post=118161"}],"wp:featuredmedia":[{"embeddable":true,"href":"https:\/\/staging.summit-hydraulics.com\/es\/wp-json\/wp\/v2\/media\/118356"}],"wp:attachment":[{"href":"https:\/\/staging.summit-hydraulics.com\/es\/wp-json\/wp\/v2\/media?parent=118161"}],"wp:term":[{"taxonomy":"product_brand","embeddable":true,"href":"https:\/\/staging.summit-hydraulics.com\/es\/wp-json\/wp\/v2\/product_brand?post=118161"},{"taxonomy":"product_cat","embeddable":true,"href":"https:\/\/staging.summit-hydraulics.com\/es\/wp-json\/wp\/v2\/product_cat?post=118161"},{"taxonomy":"product_tag","embeddable":true,"href":"https:\/\/staging.summit-hydraulics.com\/es\/wp-json\/wp\/v2\/product_tag?post=118161"}],"curies":[{"name":"wp","href":"https:\/\/api.w.org\/{rel}","templated":true}]}}