 {"id":13781,"date":"2019-09-10T17:23:41","date_gmt":"2019-09-10T22:23:41","guid":{"rendered":"https:\/\/staging.summit-hydraulics.com\/?post_type=product&#038;p=13781"},"modified":"2024-11-15T11:26:07","modified_gmt":"2024-11-15T18:26:07","slug":"1-2-hydraulic-hose-assembly-2-wire-5000-psi-1-2-jic-female-ends","status":"publish","type":"product","link":"https:\/\/staging.summit-hydraulics.com\/es\/product\/1-2-hydraulic-hose-assembly-2-wire-5000-psi-1-2-jic-female-ends\/","title":{"rendered":"Conjunto de manguera hidr\u00e1ulica SAE 100R16 reforzada con trenzado de acero de dos hilos de 1\/2\u2033."},"content":{"rendered":"<p>Conjunto de manguera hidr\u00e1ulica SAE 100R16 reforzada con trenzado de acero de dos hilos de 1\/2\u2033.<\/p>\n<p><strong>Beneficios:\u00a0<\/strong><\/p>\n<p><strong>Flexibilidad superior<\/strong>: Gracias a su bajo radio de curvatura, esta manguera es muy flexible, lo que la hace ideal para instalaciones y aplicaciones dif\u00edciles.<\/p>\n<p><strong>Cubierta dura y resistente<\/strong>: Con su cubierta altamente resistente a la abrasi\u00f3n y al aceite, esta manguera est\u00e1 fabricada para soportar condiciones duras y promete una larga vida \u00fatil.<\/p>\n<p><strong>Normas de rendimiento de alto nivel<\/strong>: No s\u00f3lo cumple, sino que supera los criterios de rendimiento establecidos por las normas SAE 100R16, EN 857 Tipo 2SC e ISO 11237 Tipo 2SC.<\/p>\n<p><strong>Excelencia americana<\/strong>: Orgullosamente ensamblado aqu\u00ed en los EE.UU., y con accesorios de acero galvanizado hechos en EE.UU., usted est\u00e1 invirtiendo en calidad, durabilidad y la promesa de la artesan\u00eda superior.<\/p>\n<p><strong>Especificaciones<\/strong>:<\/p>\n<ul>\n<li>Tipo de manguera: SAE 100R16, trenzado de 2 hilos<\/li>\n<li>Terminales de manguera: 1\/2\u2033 Hembra JIC<\/li>\n<li>Di\u00e1metro interior de la manguera: 0,50\u2033.<\/li>\n<li>Di\u00e1metro exterior de la camisa: 0,80\u2033.<\/li>\n<li>Presi\u00f3n de trabajo nominal: 5100 PSI (longitudes 24\u2033, 30\u2033, 36\u2033, 48\u2033); 3500 PSI (longitudes 60\u2033, 72\u2033, 84\u2033, 96\u2033, 120\u2033)<\/li>\n<li>Presi\u00f3n de rotura nominal: 20400 PSI (longitudes 24\u2033, 30\u2033, 36\u2033, 48\u2033); 14000 PSI (longitudes 60\u2033, 72\u2033, 84\u2033, 96\u2033, 120\u2033)<\/li>\n<li>Radio de curvatura m\u00ednimo: 2,6\u2033.<\/li>\n<li>Gama de temperaturas: -40F a +212F<\/li>\n<\/ul>\n<p>Lleve sus sistemas hidr\u00e1ulicos a nuevas cotas con nuestro conjunto de mangueras de Summit Hydraulics. Es una mezcla perfecta de fuerza, flexibilidad y rendimiento sin igual.<\/p>","protected":false},"excerpt":{"rendered":"<p><strong>ENV\u00cdO GRATUITO<\/strong><\/p>\n<p>Conjunto de manguera hidr\u00e1ulica de 1\/2\u2033, 2 hilos, 3500\/5100 PSI, extremos hembra JIC de 1\/2\u2033.<\/p>","protected":false},"featured_media":13875,"comment_status":"open","ping_status":"closed","template":"","meta":[],"product_brand":[],"product_cat":[3739,3092],"product_tag":[],"class_list":{"0":"post-13781","1":"product","2":"type-product","3":"status-publish","4":"has-post-thumbnail","6":"product_cat-1-2-hose-assemblies","7":"product_cat-hose-assemblies","9":"first","10":"instock","11":"taxable","12":"shipping-taxable","13":"purchasable","14":"product-type-variable"},"_links":{"self":[{"href":"https:\/\/staging.summit-hydraulics.com\/es\/wp-json\/wp\/v2\/product\/13781","targetHints":{"allow":["GET"]}}],"collection":[{"href":"https:\/\/staging.summit-hydraulics.com\/es\/wp-json\/wp\/v2\/product"}],"about":[{"href":"https:\/\/staging.summit-hydraulics.com\/es\/wp-json\/wp\/v2\/types\/product"}],"replies":[{"embeddable":true,"href":"https:\/\/staging.summit-hydraulics.com\/es\/wp-json\/wp\/v2\/comments?post=13781"}],"wp:featuredmedia":[{"embeddable":true,"href":"https:\/\/staging.summit-hydraulics.com\/es\/wp-json\/wp\/v2\/media\/13875"}],"wp:attachment":[{"href":"https:\/\/staging.summit-hydraulics.com\/es\/wp-json\/wp\/v2\/media?parent=13781"}],"wp:term":[{"taxonomy":"product_brand","embeddable":true,"href":"https:\/\/staging.summit-hydraulics.com\/es\/wp-json\/wp\/v2\/product_brand?post=13781"},{"taxonomy":"product_cat","embeddable":true,"href":"https:\/\/staging.summit-hydraulics.com\/es\/wp-json\/wp\/v2\/product_cat?post=13781"},{"taxonomy":"product_tag","embeddable":true,"href":"https:\/\/staging.summit-hydraulics.com\/es\/wp-json\/wp\/v2\/product_tag?post=13781"}],"curies":[{"name":"wp","href":"https:\/\/api.w.org\/{rel}","templated":true}]}}