 {"id":14655,"date":"2019-10-08T11:28:24","date_gmt":"2019-10-08T16:28:24","guid":{"rendered":"https:\/\/staging.summit-hydraulics.com\/?post_type=product&#038;p=14655"},"modified":"2025-11-24T14:05:31","modified_gmt":"2025-11-24T21:05:31","slug":"kit-de-valvulas-de-tercera-funcion-para-kubota-b3300","status":"publish","type":"product","link":"https:\/\/staging.summit-hydraulics.com\/es\/product\/third-function-valve-kit-for-kubota-b3300\/","title":{"rendered":"Kit de v\u00e1lvula de tercera funci\u00f3n para Kubota B3300 con pala cargadora LA504"},"content":{"rendered":"<h4>Kit de v\u00e1lvula de tercera funci\u00f3n para Kubota B3300 con pala cargadora LA504<\/h4>\n<p><strong>SKU<\/strong>: TFK6<\/p>\n<p>Este kit de tercera funci\u00f3n Kubota todo en uno le permite a\u00f1adir una funci\u00f3n hidr\u00e1ulica controlada electr\u00f3nicamente a su tractor Kubota B3300 sin necesidad de costosos complementos de f\u00e1brica.<\/p>\n<p>Se utiliza com\u00fanmente para a\u00f1adir:<\/p>\n<ul>\n<li>Pinzas<\/li>\n<li>Sinfines<\/li>\n<li>Inclinaci\u00f3n del quitanieves<\/li>\n<li>Soplador de nieve<\/li>\n<\/ul>\n<p><em>(No dise\u00f1ado para tractores con cabina o con cabina cerrada)<\/em><\/p>\n<p>Este kit de v\u00e1lvula de 3\u00aa funci\u00f3n del tractor se alimenta a trav\u00e9s del puerto de alimentaci\u00f3n de la v\u00e1lvula de la cargadora existente, lo que le permitir\u00e1 utilizar varias funciones al mismo tiempo (es decir, rizar la cuchara y cerrar la pinza).<\/p>\n<p>El kit hidr\u00e1ulico de 3\u00aa funci\u00f3n incluye una palanca de mando que sustituye a la palanca existente y tiene 2 interruptores de bot\u00f3n moment\u00e1neos integrados para que pueda abrir y cerrar el cilindro con s\u00f3lo pulsar un bot\u00f3n.  Nuestra empu\u00f1adura de joystick tiene un c\u00f3modo dise\u00f1o ergon\u00f3mico y es totalmente resistente a la intemperie.  La empu\u00f1adura se acopla al eje del joystick existente utilizando los casquillos adaptadores extra\u00edbles y los tornillos de ajuste.<\/p>\n<p><strong>Mango del joystick:<\/strong><\/p>\n<ul>\n<li>Dise\u00f1o ergon\u00f3mico con 2 pulsadores moment\u00e1neos<\/li>\n<li>Totalmente resistente a la intemperie<\/li>\n<li>Se monta en el eje existente del joystick de la cargadora<\/li>\n<li>Bujes adaptadores desmontables dise\u00f1ados para adaptarse a cualquier eje de joystick<\/li>\n<li>Se conecta a una fuente de alimentaci\u00f3n de 12v<\/li>\n<\/ul>\n<p><strong>Cuerpo de v\u00e1lvula Caracter\u00edsticas:\u00a0<\/strong><\/p>\n<ul>\n<li>S\u00f3lida carcasa de aluminio dise\u00f1ada para un uso resistente<\/li>\n<li>Presi\u00f3n m\u00e1xima de funcionamiento: P = 5080 PSI, T = 3050 PSI, A &amp; B = 5080 PSI<\/li>\n<li>Caudal nominal: 15 GPM<\/li>\n<li>Cuerpo de aluminio<\/li>\n<li>3000 PSI nominal<\/li>\n<li>Los puertos con junta t\u00f3rica SAE #8 garantizan un sellado s\u00f3lido y evitan obstrucciones<\/li>\n<\/ul>\n<p><strong>El kit incluye:<\/strong><\/p>\n<ul>\n<li>Electrov\u00e1lvula 12v<\/li>\n<li>Empu\u00f1adura de joystick con 2 pulsadores moment\u00e1neos<\/li>\n<li>Mazo de cables con 2 conectores Deutsch resistentes a la intemperie<\/li>\n<li>Soporte de montaje de la v\u00e1lvula (incluye torniller\u00eda)<\/li>\n<li>Soporte de montaje del enganche r\u00e1pido (incluye torniller\u00eda)<\/li>\n<li>3 - Acopladores hembra estilo agr\u00edcola con cuerpo de 1\/2<\/li>\n<li>3 - Acopladores macho estilo agr\u00edcola con cuerpo de 1\/2<\/li>\n<li>Guardapolvos<\/li>\n<li>4 - Conjuntos de mangueras hidr\u00e1ulicas (para conectar la v\u00e1lvula y (1) cilindro hidr\u00e1ulico)<\/li>\n<li>Cremalleras<\/li>\n<li>Instrucciones de instalaci\u00f3n<\/li>\n<\/ul>","protected":false},"excerpt":{"rendered":"<p><strong>Env\u00edo gratuito<\/strong><\/p>\n<p>Kit de v\u00e1lvula de tercera funci\u00f3n para Kubota B3300<\/p>","protected":false},"featured_media":46513,"comment_status":"open","ping_status":"closed","template":"","meta":[],"product_brand":[],"product_cat":[3794,3802,3800],"product_tag":[4781],"class_list":{"0":"post-14655","1":"product","2":"type-product","3":"status-publish","4":"has-post-thumbnail","6":"product_cat-hydraulic-kits","7":"product_cat-kubota-third-function-kits","8":"product_cat-third-function-kits","9":"product_tag-f-tf-kub","11":"first","12":"instock","13":"downloadable","14":"taxable","15":"shipping-taxable","16":"purchasable","17":"product-type-simple"},"_links":{"self":[{"href":"https:\/\/staging.summit-hydraulics.com\/es\/wp-json\/wp\/v2\/product\/14655","targetHints":{"allow":["GET"]}}],"collection":[{"href":"https:\/\/staging.summit-hydraulics.com\/es\/wp-json\/wp\/v2\/product"}],"about":[{"href":"https:\/\/staging.summit-hydraulics.com\/es\/wp-json\/wp\/v2\/types\/product"}],"replies":[{"embeddable":true,"href":"https:\/\/staging.summit-hydraulics.com\/es\/wp-json\/wp\/v2\/comments?post=14655"}],"wp:featuredmedia":[{"embeddable":true,"href":"https:\/\/staging.summit-hydraulics.com\/es\/wp-json\/wp\/v2\/media\/46513"}],"wp:attachment":[{"href":"https:\/\/staging.summit-hydraulics.com\/es\/wp-json\/wp\/v2\/media?parent=14655"}],"wp:term":[{"taxonomy":"product_brand","embeddable":true,"href":"https:\/\/staging.summit-hydraulics.com\/es\/wp-json\/wp\/v2\/product_brand?post=14655"},{"taxonomy":"product_cat","embeddable":true,"href":"https:\/\/staging.summit-hydraulics.com\/es\/wp-json\/wp\/v2\/product_cat?post=14655"},{"taxonomy":"product_tag","embeddable":true,"href":"https:\/\/staging.summit-hydraulics.com\/es\/wp-json\/wp\/v2\/product_tag?post=14655"}],"curies":[{"name":"wp","href":"https:\/\/api.w.org\/{rel}","templated":true}]}}