 {"id":2225,"date":"2017-11-07T11:20:57","date_gmt":"2017-11-07T17:20:57","guid":{"rendered":"https:\/\/staging.summit-hydraulics.com\/?post_type=product&#038;p=2225"},"modified":"2024-11-15T11:12:40","modified_gmt":"2024-11-15T18:12:40","slug":"monobloque-hidraulico-direccional-valvula-de-control-1-piscina-11-gpm","status":"publish","type":"product","link":"https:\/\/staging.summit-hydraulics.com\/es\/product\/monoblock-hydraulic-directional-control-valve-1-spool-11-gpm\/","title":{"rendered":"V\u00e1lvula de control direccional hidr\u00e1ulica monobloque, 1 carrete, 11 GPM"},"content":{"rendered":"<p>V\u00e1lvula de control direccional hidr\u00e1ulica monobloque, 1 carrete, 11 GPM<br \/>\n<strong><br \/>\nSKU<\/strong>: P40G-1A1<\/p>\n<p>Esta v\u00e1lvula monobloque es una v\u00e1lvula de control direccional hidr\u00e1ulica. Estas v\u00e1lvulas se utilizan para iniciar y detener el flujo de fluido en cilindros hidr\u00e1ulicos o motores hidr\u00e1ulicos.<\/p>\n<h4><span style=\"font-size: 115%;\"><strong>Usos comunes:\u00a0<\/strong><\/span><\/h4>\n<ul>\n<li>Accionamiento de cilindros hidr\u00e1ulicos (doble efecto o simple efecto)<\/li>\n<li>Accionamiento de motores hidr\u00e1ulicos (se requiere carrete \"D\")<\/li>\n<li>Instalar mandos traseros en un tractor<\/li>\n<\/ul>\n<h4><span style=\"font-size: 115%;\"><strong>Beneficios<\/strong><\/span>:<\/h4>\n<ul>\n<li><span style=\"font-size: 14.4px; font-family: helvetica, arial, sans-serif;\">1 V\u00e1lvula de carrete de dise\u00f1o compacto que permite instalaciones en espacios reducidos<\/span><\/li>\n<li><span style=\"color: #333333; font-size: 14.4px; font-family: helvetica, arial, sans-serif;\">Todos los carretes son est\u00e1ndar de doble efecto con retorno por muelle a posici\u00f3n neutra, ideales para cilindros de doble efecto.<\/span><\/li>\n<li><span style=\"font-family: helvetica, arial, sans-serif;\">Utilizado para sistemas de centro abierto (flujo de bomba a dep\u00f3sito) - opci\u00f3n de centro cerrado disponible<\/span><\/li>\n<li>Controles de carga antidescarga en cada bobina<\/li>\n<li><span style=\"font-family: helvetica, arial, sans-serif;\">Los carretes rectificados con precisi\u00f3n y cromados con cromo duro garantizan una larga vida \u00fatil<\/span><\/li>\n<li><span style=\"font-family: helvetica, arial, sans-serif;\">Construcci\u00f3n monobloque de hierro fundido de alta resistencia a la tracci\u00f3n<\/span><\/li>\n<li><span style=\"font-family: helvetica, arial, sans-serif;\">Los puertos con junta t\u00f3rica SAE garantizan un sellado s\u00f3lido y evitan obstrucciones<\/span><\/li>\n<li><span style=\"font-family: helvetica, arial, sans-serif;\">Capaz de <span style=\"color: #0000ee;\"><a style=\"color: #0000ee;\" href=\"https:\/\/staging.summit-hydraulics.com\/es\/producto\/conector-adaptador-de-centro-cerrado-para-valvulas-monobloque-de-la-serie-p40g-de-la-cumbre\/\">centro cerrado<\/a><\/span> o <span style=\"color: #0000ee;\"><a style=\"color: #0000ee;\" href=\"https:\/\/staging.summit-hydraulics.com\/es\/producto\/manguito-adaptador-potencia-para-valvulas-monobloque-serie-p40g-summit\/\">M\u00e1s all\u00e1 del poder<\/a><\/span> (requiere enchufe de conversi\u00f3n)<\/span><\/li>\n<li><span style=\"font-family: helvetica, arial, sans-serif;\">Montaje vertical u horizontal de la empu\u00f1adura<\/span><\/li>\n<li><span style=\"font-family: helvetica, arial, sans-serif;\">Rango de la v\u00e1lvula de alivio ajustable:  1500 a 3625 PSI<\/span><\/li>\n<li>Alivio de presi\u00f3n preestablecido: 2610 PSI<\/li>\n<li><span style=\"font-family: helvetica, arial, sans-serif;\">Se puede utilizar como motor o como carrete de simple efecto (requiere un conector SAE #8)<\/span><\/li>\n<\/ul>\n<h4>\u00a0 <span style=\"font-size: 120%;\"><strong>Caracter\u00edsticas<\/strong><\/span>:<\/h4>\n<ul>\n<li>Presi\u00f3n m\u00e1xima de funcionamiento: P = 3625 PSI, T = 725 PSI, A &amp; B = 4350 PSI<\/li>\n<li>Caudal nominal: 11 GPM (40 l\/min)<\/li>\n<li>Puertos de trabajo A y B:  Rosca #8 SAE O-Ring (3\/4\"-16)<\/li>\n<li>Puerto de entrada: Rosca #10 SAE O-Ring (7\/8\"-14)<\/li>\n<li>Puerto de salida: Rosca #10 SAE O-Ring (7\/8\"-14)<\/li>\n<li>N Puerto: #8 (1\/2 - 14) Rosca G (Rosca de tuber\u00eda brit\u00e1nica paralela)<\/li>\n<li>2 - Agujeros de montaje de 5\/16<\/li>\n<li>Fabricado en Europa<\/li>\n<\/ul>\n<h4><strong style=\"font-size: 20.16px;\">\u00bfFuncionar\u00e1 esta v\u00e1lvula para mi aplicaci\u00f3n?\u00a0<\/strong><\/h4>\n<p>Tendr\u00e1s que responder a las siguientes preguntas:<\/p>\n<ol>\n<li><strong>\u00bfEl caudal que pasa por esta v\u00e1lvula es inferior a 11 GPM?<\/strong> Si no, entonces tenemos mayor<span style=\"color: #0000ee;\"><a style=\"color: #0000ee;\" href=\"https:\/\/staging.summit-hydraulics.com\/es\/categoria-de-producto\/valvulas-de-control-hidraulico\/valvulas-monobloque-manuales\/valvulas-de-21-gpm\/\"> V\u00e1lvulas P80<\/a><\/span> que puede acomodar hasta 21 GPM. Si se instala en un tractor por favor compruebe <a href=\"http:\/\/tractordata.com\/\"><span style=\"color: #0000ee;\">tractor-data.com<\/span><\/a>, lo dir\u00e1 bajo el sistema hidr\u00e1ulico - \"Caudal de la bomba\" - de la hoja de datos. El flujo GPM puede estar impreso en la propia bomba.<\/li>\n<li><strong>\u00bfTiene un sistema hidr\u00e1ulico de centro abierto?<\/strong> Si va a instalar esto en un tractor por favor compruebe <a href=\"http:\/\/tractordata.com\/\"><span style=\"color: #0000ee;\">tractor-data.com<\/span><\/a>, dir\u00e1 bajo la hidr\u00e1ulica de la hoja de datos. Estas v\u00e1lvulas est\u00e1n configuradas para su uso en sistemas hidr\u00e1ulicos de centro abierto. Si usted tiene un sistema de centro cerrado tendr\u00e1 que obtener el <span style=\"color: #0000ee;\"><a style=\"color: #0000ee;\" href=\"https:\/\/staging.summit-hydraulics.com\/es\/producto\/conector-adaptador-de-centro-cerrado-para-valvulas-monobloque-de-la-serie-p40g-de-la-cumbre\/\">enchufe adaptador de centro cerrado<\/a><\/span>. <strong>NOTA<\/strong>: Ninguna de nuestras v\u00e1lvulas tiene capacidad de detecci\u00f3n de carga.<\/li>\n<li><strong>\u00bfTiene otras v\u00e1lvulas aguas abajo de esta v\u00e1lvula?<\/strong> (Algunos ejemplos son: \u00bfOtras v\u00e1lvulas de control, v\u00e1lvula remota trasera, v\u00e1lvula de retroexcavadora, v\u00e1lvula de 3 puntos)? Si es as\u00ed, necesitar\u00e1 el <span style=\"color: #0000ee;\"><a style=\"color: #0000ee;\" href=\"https:\/\/staging.summit-hydraulics.com\/es\/producto\/manguito-adaptador-potencia-para-valvulas-monobloque-serie-p40g-summit\/\">alimentaci\u00f3n m\u00e1s all\u00e1 del manguito adaptador<\/a><\/span> para proporcionar presi\u00f3n y caudal a esas v\u00e1lvulas. <strong>Nota<\/strong>: Esto s\u00f3lo es necesario en sistemas hidr\u00e1ulicos de centro abierto. Si tiene un sistema de centro cerrado, se conectar\u00e1 en T a una l\u00ednea de presi\u00f3n para conectar otras v\u00e1lvulas.<\/li>\n<li><strong>\u00bfUtiliza un cilindro hidr\u00e1ulico o un motor hidr\u00e1ulico?\u00a0<\/strong>Si utiliza un cilindro hidr\u00e1ulico, necesitar\u00e1 carretes \"A\" para cilindros de doble efecto; si utiliza un motor hidr\u00e1ulico, necesitar\u00e1 carretes \"D\" para el control del motor. <strong>Nota<\/strong>: Los carretes \"D\" no pueden utilizarse para accionar cilindros hidr\u00e1ulicos y los carretes \"A\" no pueden utilizarse para accionar motores hidr\u00e1ulicos.<\/li>\n<\/ol>\n<h3><strong>\u00bfC\u00f3mo conecto esta v\u00e1lvula a mi sistema hidr\u00e1ulico? <\/strong><\/h3>\n<p>Esta v\u00e1lvula tiene una l\u00ednea de presi\u00f3n (Entrada), una l\u00ednea de tanque (salida), puertos de trabajo (puertos A\/B que van al cilindro hidr\u00e1ulico o motor), y un puerto opcional de energ\u00eda m\u00e1s all\u00e1 (Puerto N, usado para conectar v\u00e1lvulas aguas abajo). A continuaci\u00f3n se muestran algunos ejemplos comunes de conexi\u00f3n de esta v\u00e1lvula, sin embargo es posible conectarla en configuraciones diferentes a las mostradas.<\/p>\n<p><img loading=\"lazy\" decoding=\"async\" class=\"alignnone wp-image-37367 size-medium\" src=\"https:\/\/staging.summit-hydraulics.com\/wp-content\/uploads\/2020\/05\/Individual-P40-or-P80-Updated--734x800.jpg\" alt=\"V\u00e1lvula de control direccional hidr\u00e1ulica monobloque\" width=\"734\" height=\"800\" \/> <img loading=\"lazy\" decoding=\"async\" class=\"alignnone wp-image-37370 size-medium\" src=\"https:\/\/staging.summit-hydraulics.com\/wp-content\/uploads\/2020\/05\/P40-or-P80-Valves-in-Series-Updated-800x527.jpg\" alt=\"V\u00e1lvula de control direccional hidr\u00e1ulica monobloque\" width=\"800\" height=\"527\" \/> <img loading=\"lazy\" decoding=\"async\" class=\"alignnone wp-image-37369 size-medium\" src=\"https:\/\/staging.summit-hydraulics.com\/wp-content\/uploads\/2020\/05\/Manual-Monoblock-valve-Configuration-without-backhoe-Updated-800x616.jpg\" alt=\"V\u00e1lvula de control direccional hidr\u00e1ulica monobloque, 1 carrete, 11 GPM\" width=\"800\" height=\"616\" \/> <img loading=\"lazy\" decoding=\"async\" class=\"alignnone wp-image-37368 size-medium\" src=\"https:\/\/staging.summit-hydraulics.com\/wp-content\/uploads\/2020\/05\/Manual-Monoblock-valve-Configuration-with-backhoe-updated-800x699.jpg\" alt=\"V\u00e1lvula de control direccional hidr\u00e1ulica monobloque\" width=\"800\" height=\"699\" \/><\/p>","protected":false},"excerpt":{"rendered":"<p><strong>ENV\u00cdO GRATUITO<\/strong><\/p>\n<p>V\u00e1lvula de control direccional hidr\u00e1ulica monobloque, 1 carrete, 11 GPM<\/p>","protected":false},"featured_media":2743,"comment_status":"open","ping_status":"closed","template":"","meta":[],"product_brand":[],"product_cat":[1724,1288],"product_tag":[2393,2396,2417,2422,4824],"class_list":{"0":"post-2225","1":"product","2":"type-product","3":"status-publish","4":"has-post-thumbnail","6":"product_cat-11-gpm-valves","7":"product_cat-manual-monoblock-valves","8":"product_tag-10-sae-port","9":"product_tag-8-sae-port","10":"product_tag-1-spool","11":"product_tag-11-gpm","12":"product_tag-manual-mono","14":"first","15":"onbackorder","16":"taxable","17":"shipping-taxable","18":"purchasable","19":"product-type-variable","20":"has-default-attributes"},"_links":{"self":[{"href":"https:\/\/staging.summit-hydraulics.com\/es\/wp-json\/wp\/v2\/product\/2225","targetHints":{"allow":["GET"]}}],"collection":[{"href":"https:\/\/staging.summit-hydraulics.com\/es\/wp-json\/wp\/v2\/product"}],"about":[{"href":"https:\/\/staging.summit-hydraulics.com\/es\/wp-json\/wp\/v2\/types\/product"}],"replies":[{"embeddable":true,"href":"https:\/\/staging.summit-hydraulics.com\/es\/wp-json\/wp\/v2\/comments?post=2225"}],"wp:featuredmedia":[{"embeddable":true,"href":"https:\/\/staging.summit-hydraulics.com\/es\/wp-json\/wp\/v2\/media\/2743"}],"wp:attachment":[{"href":"https:\/\/staging.summit-hydraulics.com\/es\/wp-json\/wp\/v2\/media?parent=2225"}],"wp:term":[{"taxonomy":"product_brand","embeddable":true,"href":"https:\/\/staging.summit-hydraulics.com\/es\/wp-json\/wp\/v2\/product_brand?post=2225"},{"taxonomy":"product_cat","embeddable":true,"href":"https:\/\/staging.summit-hydraulics.com\/es\/wp-json\/wp\/v2\/product_cat?post=2225"},{"taxonomy":"product_tag","embeddable":true,"href":"https:\/\/staging.summit-hydraulics.com\/es\/wp-json\/wp\/v2\/product_tag?post=2225"}],"curies":[{"name":"wp","href":"https:\/\/api.w.org\/{rel}","templated":true}]}}