 {"id":4202,"date":"2018-03-30T10:03:57","date_gmt":"2018-03-30T17:03:57","guid":{"rendered":"https:\/\/staging.summit-hydraulics.com\/?post_type=product&#038;p=4202"},"modified":"2024-11-15T10:41:05","modified_gmt":"2024-11-15T17:41:05","slug":"3-8%e2%80%b3-npt-iso-7241-b-brass-quick-disconnect-hydraulic-coupler-set","status":"publish","type":"product","link":"https:\/\/staging.summit-hydraulics.com\/es\/product\/3-8%e2%80%b3-npt-iso-7241-b-brass-quick-disconnect-hydraulic-coupler-set\/","title":{"rendered":"Juego de acopladores hidr\u00e1ulicos de desconexi\u00f3n r\u00e1pida de lat\u00f3n ISO 7241-B de 3\/8\u2033 NPT"},"content":{"rendered":"<p><span style=\"font-weight: 400;\"><strong>SKU:<\/strong> BB38-06N-SET<\/span><\/p>\n<p><strong>Tama\u00f1o: <\/strong><span style=\"font-weight: 400;\">3\/8<\/span><span style=\"font-weight: 400;\">\u2033 Cuerpo, <\/span><span style=\"font-weight: 400;\">3\/8<\/span><span style=\"font-weight: 400;\">\u2033 Rosca NPT, v\u00e1lvula de asiento<\/span><\/p>\n<p><strong>Caracter\u00edsticas:<\/strong><\/p>\n<ul>\n<li><span style=\"font-weight: 400;\">Material del cuerpo: Material de lat\u00f3n resistente a la corrosi\u00f3n<\/span><\/li>\n<li>Material del muelle: Acero inoxidable 304<\/li>\n<li>Material de la bola de bloqueo: Acero inoxidable 316<\/li>\n<li><span style=\"font-weight: 400;\">V\u00e1lvula de asiento autosellante Excelente estanqueidad a altas y bajas presiones<\/span><\/li>\n<li><span style=\"font-weight: 400;\">Intercambiable con todos los acoplamientos ISO 7241 serie B<\/span><\/li>\n<li><span style=\"font-weight: 400;\">3.000 PSI<\/span><\/li>\n<li><span style=\"font-weight: 400;\">Caudal nominal: 6,08 GPM<\/span><\/li>\n<li><span style=\"font-weight: 400;\">Caudal m\u00e1ximo: 12,15 GPM<\/span><\/li>\n<li><span style=\"font-weight: 400;\">Tipo de junta: Viton FKM<\/span><\/li>\n<li>Temperatura de funcionamiento: -15\u00b0F a +400\u00b0F<\/li>\n<li>Di\u00e1metro de la cara hembra 1,38\" (35 mm)<\/li>\n<li>Longitud hembra: 2,57\" (65 mm)<\/li>\n<li>Hex: .86\" (22mm)<\/li>\n<li>Di\u00e1metro de la cara macho 0,75\" (19 mm)<\/li>\n<li>Longitud macho: 1,67\" (42,5 mm)<\/li>\n<\/ul>\n<p><strong>Aplicaciones:<\/strong><\/p>\n<ul>\n<li><span style=\"font-weight: 400;\">Fluidos hidr\u00e1ulicos<\/span><\/li>\n<li><span style=\"font-weight: 400;\">Agua<\/span><\/li>\n<li><span style=\"font-weight: 400;\">Gas\u00f3leo \/ Petr\u00f3leo<\/span><\/li>\n<\/ul>\n<p><strong>Intercambiable con:<\/strong><\/p>\n<table width=\"675\">\n<tbody>\n<tr>\n<td width=\"213\">Fabricante<\/td>\n<td width=\"250\">Hombre<\/td>\n<td width=\"212\">Mujer<\/td>\n<\/tr>\n<tr>\n<td>CUMBRE<\/td>\n<td>BB38M-06N<\/td>\n<td>BB38F-06N<\/td>\n<\/tr>\n<tr>\n<td>Parker Serie 60<\/td>\n<td>BH3-61<\/td>\n<td>BH3-60<\/td>\n<\/tr>\n<tr>\n<td>Safeway Serie BS10<\/td>\n<td>BS101-3<\/td>\n<td>BS105-3<\/td>\n<\/tr>\n<tr>\n<td>Lat\u00f3n HNV m\u00e1s r\u00e1pido<\/td>\n<td>HNV 38 NPT M 5V<\/td>\n<td>HNV 38 NPT F 5V<\/td>\n<\/tr>\n<tr>\n<td>Snap-Tite Serie 72<\/td>\n<td>B72N6-6F<\/td>\n<td>B72C6-6F<\/td>\n<\/tr>\n<tr>\n<td>Serie IRBO de Stucchi<\/td>\n<td width=\"250\">M IRBO38 NPT<br \/>\n804501105<\/td>\n<td width=\"212\">F IRBO38 NPT<br \/>\n804501104<\/td>\n<\/tr>\n<tr>\n<td>Dixon Serie H<\/td>\n<td>H3F3-B<\/td>\n<td>3HF3-B<\/td>\n<\/tr>\n<tr>\n<td>Eaton Serie HK<\/td>\n<td>B3K21<\/td>\n<td>B3H21<\/td>\n<\/tr>\n<tr>\n<td>Serie DNP HNV<\/td>\n<td>HNV-B-06-06-N-NPT<\/td>\n<td>HNV-B-06-06-C-NPT<\/td>\n<\/tr>\n<\/tbody>\n<\/table>\n<p><span style=\"font-weight: 400;\"><strong>Qu\u00e9 incluye:<\/strong><\/span><\/p>\n<ul>\n<li><span style=\"font-weight: 400;\">Acoplador hembra<\/span><\/li>\n<li><span style=\"font-weight: 400;\">Acoplador macho<br \/>\n<\/span><\/li>\n<li>Tapa guardapolvo hembra<\/li>\n<li>Tap\u00f3n guardapolvo macho<\/li>\n<\/ul>","protected":false},"excerpt":{"rendered":"<p><strong>ENV\u00cdO GRATUITO<\/strong><\/p>\n<p><span style=\"font-weight: 400;\">Juego de acopladores hidr\u00e1ulicos de desconexi\u00f3n r\u00e1pida de lat\u00f3n ISO 7241-B de 3\/8\u2033 NPT<\/span><\/p>","protected":false},"featured_media":8880,"comment_status":"open","ping_status":"closed","template":"","meta":[],"product_brand":[],"product_cat":[1728,1970,10],"product_tag":[2404,2405,2449,2457],"class_list":{"0":"post-4202","1":"product","2":"type-product","3":"status-publish","4":"has-post-thumbnail","6":"product_cat-hydraulic-brass-iso-7241-b-quick-couplers","7":"product_cat-hydraulic-iso-b-brass-body-flat-face-quick-connect-coupler-sets","8":"product_cat-iso-7241-b-quick-couplers","9":"product_tag-3-8-body","10":"product_tag-3-8-npt","11":"product_tag-coupler-set","12":"product_tag-iso-7241-b","13":"pa_thread-type-npt","15":"first","16":"instock","17":"taxable","18":"shipping-taxable","19":"purchasable","20":"product-type-simple"},"_links":{"self":[{"href":"https:\/\/staging.summit-hydraulics.com\/es\/wp-json\/wp\/v2\/product\/4202","targetHints":{"allow":["GET"]}}],"collection":[{"href":"https:\/\/staging.summit-hydraulics.com\/es\/wp-json\/wp\/v2\/product"}],"about":[{"href":"https:\/\/staging.summit-hydraulics.com\/es\/wp-json\/wp\/v2\/types\/product"}],"replies":[{"embeddable":true,"href":"https:\/\/staging.summit-hydraulics.com\/es\/wp-json\/wp\/v2\/comments?post=4202"}],"wp:featuredmedia":[{"embeddable":true,"href":"https:\/\/staging.summit-hydraulics.com\/es\/wp-json\/wp\/v2\/media\/8880"}],"wp:attachment":[{"href":"https:\/\/staging.summit-hydraulics.com\/es\/wp-json\/wp\/v2\/media?parent=4202"}],"wp:term":[{"taxonomy":"product_brand","embeddable":true,"href":"https:\/\/staging.summit-hydraulics.com\/es\/wp-json\/wp\/v2\/product_brand?post=4202"},{"taxonomy":"product_cat","embeddable":true,"href":"https:\/\/staging.summit-hydraulics.com\/es\/wp-json\/wp\/v2\/product_cat?post=4202"},{"taxonomy":"product_tag","embeddable":true,"href":"https:\/\/staging.summit-hydraulics.com\/es\/wp-json\/wp\/v2\/product_tag?post=4202"}],"curies":[{"name":"wp","href":"https:\/\/api.w.org\/{rel}","templated":true}]}}