 {"id":4205,"date":"2018-03-30T10:06:18","date_gmt":"2018-03-30T17:06:18","guid":{"rendered":"https:\/\/staging.summit-hydraulics.com\/?post_type=product&#038;p=4205"},"modified":"2024-11-15T10:57:16","modified_gmt":"2024-11-15T17:57:16","slug":"1-2%e2%80%b3-npt-iso-7241-b-brass-quick-disconnect-hydraulic-coupler-se","status":"publish","type":"product","link":"https:\/\/staging.summit-hydraulics.com\/es\/product\/1-2%e2%80%b3-npt-iso-7241-b-brass-quick-disconnect-hydraulic-coupler-se\/","title":{"rendered":"Juego de acopladores hidr\u00e1ulicos de desconexi\u00f3n r\u00e1pida de lat\u00f3n ISO 7241-B de 1\/2\u2033 NPT"},"content":{"rendered":"<p><span style=\"font-weight: 400;\"><strong>SKU:<\/strong> BB12-08N-SET<\/span><\/p>\n<p><span style=\"font-weight: 400;\"><strong>Tama\u00f1o:<\/strong> Cuerpo de 1\/2\u2033, rosca NPT de 1\/2\u2033, v\u00e1lvula de asiento<\/span><\/p>\n<div>\n<p>Este juego de acopladores de 1\/2\u2033 se compone de un <a href=\"https:\/\/staging.summit-hydraulics.com\/es\/producto\/1-2%e2%80%b3-npt-iso-7241-b-laton-con-acero-inoxidable-valvula-de-desconexion-rapida-hidraulica-macho-acoplador-copia\/\">masculino<\/a>\u00a0y\u00a0<a href=\"https:\/\/staging.summit-hydraulics.com\/es\/producto\/1-acoplador-hembra-hidraulico-de-desconexion-rapida-de-laton-iso-7241-b-de-2%e2%80%b3-npt\/\">acoplador r\u00e1pido hembra<\/a>.<\/p>\n<\/div>\n<p><strong>Caracter\u00edsticas:<\/strong><\/p>\n<ul>\n<li><span style=\"font-weight: 400;\">Material del cuerpo: Material de lat\u00f3n resistente a la corrosi\u00f3n<\/span><\/li>\n<li>Material del muelle: Acero inoxidable 304<\/li>\n<li>Material de la bola de bloqueo: Acero inoxidable 316<\/li>\n<li><span style=\"font-weight: 400;\">V\u00e1lvula de asiento autosellante Excelente estanqueidad a altas y bajas presiones<\/span><\/li>\n<li><span style=\"font-weight: 400;\">Intercambiable con todos los acoplamientos ISO 7241 serie B<\/span><\/li>\n<li><span style=\"font-weight: 400;\">Presi\u00f3n nominal de 2.600 PSI<\/span><\/li>\n<li><span style=\"font-weight: 400;\">Caudal nominal: 12 GPM<\/span><\/li>\n<li><span style=\"font-weight: 400;\">Caudal m\u00e1ximo: 23,78 GPM<\/span><\/li>\n<li><span style=\"font-weight: 400;\">Tipo de junta: Viton FKM<\/span><\/li>\n<li>Temperatura de funcionamiento: -15\u00b0F a +400\u00b0F<\/li>\n<li>Di\u00e1metro de la cara hembra 1,73\" (44 mm)<\/li>\n<li>Longitud hembra: 2,95\" (75 mm)<\/li>\n<li>Hex: 1,06\" (27 mm)<\/li>\n<li>Di\u00e1metro de la cara macho .93\" (23.5mm)<\/li>\n<li>Longitud macho: 1,83\" (46,5 mm)<\/li>\n<\/ul>\n<p><strong>Aplicaciones:<\/strong><\/p>\n<ul>\n<li><span style=\"font-weight: 400;\">Fluidos hidr\u00e1ulicos<\/span><\/li>\n<li><span style=\"font-weight: 400;\">Agua<\/span><\/li>\n<li><span style=\"font-weight: 400;\">Gas\u00f3leo \/ Petr\u00f3leo<\/span><\/li>\n<\/ul>\n<p><strong>Intercambiable con:<\/strong><\/p>\n<table width=\"675\">\n<tbody>\n<tr>\n<td width=\"213\">Fabricante<\/td>\n<td width=\"250\">Hombre<\/td>\n<td width=\"212\">Mujer<\/td>\n<\/tr>\n<tr>\n<td>CUMBRE<\/td>\n<td>BB12M-08N<\/td>\n<td>BB12F-08N<\/td>\n<\/tr>\n<tr>\n<td>Parker Serie 60<\/td>\n<td>BH4-61<\/td>\n<td>BH4-60<\/td>\n<\/tr>\n<tr>\n<td>Safeway Serie BS10<\/td>\n<td>BS101-4<\/td>\n<td>BS105-4<\/td>\n<\/tr>\n<tr>\n<td>Lat\u00f3n HNV m\u00e1s r\u00e1pido<\/td>\n<td>HNV 12 NPT M 5V<\/td>\n<td>HNV 12 NPT F 5V<\/td>\n<\/tr>\n<tr>\n<td>Snap-Tite Serie 72<\/td>\n<td>B72N8-8F<\/td>\n<td>B72C8-8F<\/td>\n<\/tr>\n<tr>\n<td>Serie IRBO de Stucchi<\/td>\n<td width=\"250\">M IRBO12 NPT<br \/>\n804501107<\/td>\n<td width=\"212\">F IRBO12 NPT<br \/>\n804501106<\/td>\n<\/tr>\n<tr>\n<td>Dixon Serie H<\/td>\n<td>H4F4-B<\/td>\n<td>4HF4-B<\/td>\n<\/tr>\n<tr>\n<td>Eaton Serie HK<\/td>\n<td>B4KP26<\/td>\n<td>B4HP26<\/td>\n<\/tr>\n<tr>\n<td>Serie DNP HNV<\/td>\n<td>HNV-B-08-08-N-NPT<\/td>\n<td>HNV-B-08-08-C-NPT<\/td>\n<\/tr>\n<\/tbody>\n<\/table>\n<p><strong>Qu\u00e9 incluye:<\/strong><\/p>\n<ul>\n<li><span style=\"font-weight: 400;\">Acoplador hembra<\/span><\/li>\n<li><span style=\"font-weight: 400;\">Acoplador macho<\/span><\/li>\n<\/ul>\n<p>https:\/\/staging.summit-hydraulics.com\/product\/iso-7241-b-quick-couplers-dust-cap-set\/<\/p>","protected":false},"excerpt":{"rendered":"<p><strong>ENV\u00cdO GRATUITO<\/strong><\/p>\n<p><span style=\"font-weight: 400;\">1\/2<\/span><span style=\"font-weight: 400;\">\u2033 NPT ISO 7241-B Juego de acopladores hidr\u00e1ulicos de desconexi\u00f3n r\u00e1pida de lat\u00f3n<\/span><\/p>","protected":false},"featured_media":9123,"comment_status":"open","ping_status":"closed","template":"","meta":[],"product_brand":[],"product_cat":[1728,1970,10],"product_tag":[2457,2407,2408,2449],"class_list":{"0":"post-4205","1":"product","2":"type-product","3":"status-publish","4":"has-post-thumbnail","6":"product_cat-hydraulic-brass-iso-7241-b-quick-couplers","7":"product_cat-hydraulic-iso-b-brass-body-flat-face-quick-connect-coupler-sets","8":"product_cat-iso-7241-b-quick-couplers","9":"product_tag-iso-7241-b","10":"product_tag-1-2-body","11":"product_tag-1-2-npt","12":"product_tag-coupler-set","13":"pa_thread-type-npt","15":"first","16":"instock","17":"taxable","18":"shipping-taxable","19":"purchasable","20":"product-type-simple"},"_links":{"self":[{"href":"https:\/\/staging.summit-hydraulics.com\/es\/wp-json\/wp\/v2\/product\/4205","targetHints":{"allow":["GET"]}}],"collection":[{"href":"https:\/\/staging.summit-hydraulics.com\/es\/wp-json\/wp\/v2\/product"}],"about":[{"href":"https:\/\/staging.summit-hydraulics.com\/es\/wp-json\/wp\/v2\/types\/product"}],"replies":[{"embeddable":true,"href":"https:\/\/staging.summit-hydraulics.com\/es\/wp-json\/wp\/v2\/comments?post=4205"}],"wp:featuredmedia":[{"embeddable":true,"href":"https:\/\/staging.summit-hydraulics.com\/es\/wp-json\/wp\/v2\/media\/9123"}],"wp:attachment":[{"href":"https:\/\/staging.summit-hydraulics.com\/es\/wp-json\/wp\/v2\/media?parent=4205"}],"wp:term":[{"taxonomy":"product_brand","embeddable":true,"href":"https:\/\/staging.summit-hydraulics.com\/es\/wp-json\/wp\/v2\/product_brand?post=4205"},{"taxonomy":"product_cat","embeddable":true,"href":"https:\/\/staging.summit-hydraulics.com\/es\/wp-json\/wp\/v2\/product_cat?post=4205"},{"taxonomy":"product_tag","embeddable":true,"href":"https:\/\/staging.summit-hydraulics.com\/es\/wp-json\/wp\/v2\/product_tag?post=4205"}],"curies":[{"name":"wp","href":"https:\/\/api.w.org\/{rel}","templated":true}]}}