 {"id":6929,"date":"2018-10-09T15:52:51","date_gmt":"2018-10-09T22:52:51","guid":{"rendered":"https:\/\/staging.summit-hydraulics.com\/?post_type=product&#038;p=6929"},"modified":"2024-11-15T10:47:20","modified_gmt":"2024-11-15T17:47:20","slug":"acoplador-hidraulico-de-acoplamiento-rapido-de-90-grados-de-cara-plana-male-3-4%e2%80%b3-jic-male-thread","status":"publish","type":"product","link":"https:\/\/staging.summit-hydraulics.com\/es\/product\/90-degree-male-flat-face-hydraulic-quick-connect-coupler-set-3-4%e2%80%b3-jic-male-thread\/","title":{"rendered":"Juego de acopladores hidr\u00e1ulicos r\u00e1pidos de 90 grados de cara plana macho, rosca macho 3\/4\u2033 JIC"},"content":{"rendered":"<p><b>SKU<\/b><span style=\"font-weight: 400;\">: FF12M-12J-90<\/span><\/p>\n<p><span style=\"font-weight: 400;\"><strong>Tama\u00f1o del cuerpo ISO<\/strong>: 1\/2\"<\/span><\/p>\n<p><span style=\"font-weight: 400;\"><strong>Hilo del puerto<\/strong>: Macho 3\/4\" JIC (#12 JIC)<\/span><\/p>\n<p><b>Beneficios:<\/b><\/p>\n<ul>\n<li>El \u00e1ngulo de conexi\u00f3n de 90 grados evita da\u00f1os en los conductos hidr\u00e1ulicos<\/li>\n<li>Su dise\u00f1o permite un f\u00e1cil montaje de perfil bajo sin necesidad de accesorios adicionales<\/li>\n<li>Ideal para a\u00f1adir una garra a una minicargadora o al brazo de una excavadora<\/li>\n<li><span style=\"font-weight: 400;\">El dise\u00f1o de la v\u00e1lvula de cara rasante minimiza la p\u00e9rdida de fluido y la inclusi\u00f3n de aire<\/span><\/li>\n<li><span style=\"font-weight: 400;\">El recubrimiento de zinc-n\u00edquel proporciona una resistencia superior a la corrosi\u00f3n<\/span><\/li>\n<li><span style=\"font-weight: 400;\">Construcci\u00f3n de acero templado con casquillos endurecidos<\/span><\/li>\n<li><span style=\"font-weight: 400;\">Permite ca\u00eddas de presi\u00f3n m\u00ednimas<\/span><\/li>\n<li><span style=\"font-weight: 400;\">Dise\u00f1o f\u00e1cil de conectar con una sola mano<\/span><\/li>\n<li><span style=\"font-weight: 400;\">La junta de la boquilla resiste los reventones<\/span><\/li>\n<li><span style=\"font-weight: 400;\">Intercambiable con otros acoplamientos normalizados ISO 16028<\/span><\/li>\n<\/ul>\n<p><b>Caracter\u00edsticas:<\/b><\/p>\n<ul>\n<li><span style=\"font-weight: 400;\">Presi\u00f3n nominal de 5.076 PSI<\/span><\/li>\n<li><span style=\"font-weight: 400;\">Caudal nominal de 12 GPM<\/span><\/li>\n<li><span style=\"font-weight: 400;\">Las juntas de Buna-N con anillo de refuerzo de tefl\u00f3n pueden funcionar hasta 250\u00b0 F<\/span><\/li>\n<li><span style=\"font-weight: 400;\">Di\u00e1metro de la cara macho: 0,94\" (24,5 mm)<\/span><\/li>\n<li><span style=\"font-weight: 400;\">Longitud macho: 3,7\" (94 mm)<\/span><\/li>\n<li><span style=\"font-weight: 400;\">Hex: 1,42\" (36 mm)<\/span><\/li>\n<\/ul>\n<p><strong>Intercambiable con:<\/strong><\/p>\n<table style=\"height: 100px; width: 301px;\" width=\"468\">\n<tbody>\n<tr style=\"height: 21px;\">\n<td style=\"height: 21px; width: 146px;\">Fabricante<\/td>\n<td style=\"height: 21px; width: 139px;\">Hombre<\/td>\n<\/tr>\n<tr style=\"height: 21px;\">\n<td style=\"height: 21px; width: 146px;\">CUMBRE<\/td>\n<td style=\"height: 21px; width: 139px;\">FF12M-12J-90<\/td>\n<\/tr>\n<tr style=\"height: 21px;\">\n<td style=\"height: 21px; width: 146px;\">M\u00e1s r\u00e1pido<\/td>\n<td style=\"height: 21px; width: 139px;\">FFH08-61\/34SAE M<\/td>\n<\/tr>\n<tr style=\"height: 21px;\">\n<td style=\"height: 21px; width: 146px;\">Holmbury<\/td>\n<td style=\"height: 21px; width: 139px;\"><span style=\"font-size: 14.4px;\">H<\/span>12-M-12JM90<\/td>\n<\/tr>\n<\/tbody>\n<\/table>\n<p>&nbsp;<\/p>","protected":false},"excerpt":{"rendered":"<p><strong>ENV\u00cdO GRATUITO<\/strong><\/p>\n<p>Juego de acopladores hidr\u00e1ulicos r\u00e1pidos de 90 grados macho de cara plana, rosca macho 3\/4\u2033 JIC<\/p>","protected":false},"featured_media":6923,"comment_status":"open","ping_status":"closed","template":"","meta":[],"product_brand":[],"product_cat":[2190,9,1449],"product_tag":[2453,2484,2486,2407],"class_list":{"0":"post-6929","1":"product","2":"type-product","3":"status-publish","4":"has-post-thumbnail","6":"product_cat-1-2-90-degree-coupler-sets","7":"product_cat-hydraulic-flat-face-iso-16028-quick-couplers","8":"product_cat-hydraulic-1-2-body-flat-face-quick-connect-coupler","9":"product_tag-flat-face-coupler","10":"product_tag-90-degree","11":"product_tag-3-4-jic","12":"product_tag-1-2-body","13":"pa_thread-type-jic","15":"first","16":"instock","17":"taxable","18":"shipping-taxable","19":"purchasable","20":"product-type-simple"},"_links":{"self":[{"href":"https:\/\/staging.summit-hydraulics.com\/es\/wp-json\/wp\/v2\/product\/6929","targetHints":{"allow":["GET"]}}],"collection":[{"href":"https:\/\/staging.summit-hydraulics.com\/es\/wp-json\/wp\/v2\/product"}],"about":[{"href":"https:\/\/staging.summit-hydraulics.com\/es\/wp-json\/wp\/v2\/types\/product"}],"replies":[{"embeddable":true,"href":"https:\/\/staging.summit-hydraulics.com\/es\/wp-json\/wp\/v2\/comments?post=6929"}],"wp:featuredmedia":[{"embeddable":true,"href":"https:\/\/staging.summit-hydraulics.com\/es\/wp-json\/wp\/v2\/media\/6923"}],"wp:attachment":[{"href":"https:\/\/staging.summit-hydraulics.com\/es\/wp-json\/wp\/v2\/media?parent=6929"}],"wp:term":[{"taxonomy":"product_brand","embeddable":true,"href":"https:\/\/staging.summit-hydraulics.com\/es\/wp-json\/wp\/v2\/product_brand?post=6929"},{"taxonomy":"product_cat","embeddable":true,"href":"https:\/\/staging.summit-hydraulics.com\/es\/wp-json\/wp\/v2\/product_cat?post=6929"},{"taxonomy":"product_tag","embeddable":true,"href":"https:\/\/staging.summit-hydraulics.com\/es\/wp-json\/wp\/v2\/product_tag?post=6929"}],"curies":[{"name":"wp","href":"https:\/\/api.w.org\/{rel}","templated":true}]}}