 {"id":6977,"date":"2018-10-10T18:18:14","date_gmt":"2018-10-10T23:18:14","guid":{"rendered":"https:\/\/staging.summit-hydraulics.com\/?post_type=product&#038;p=6977"},"modified":"2024-11-15T11:01:07","modified_gmt":"2024-11-15T18:01:07","slug":"divisor-de-caudal-hidraulico-combinador-valvula-2-vias-5050-16-gpm-%c2%bd-npt","status":"publish","type":"product","link":"https:\/\/staging.summit-hydraulics.com\/es\/product\/hydraulic-proportional-flow-divider-combiner-valve-2-way-5050-16-gpm-%c2%bd-npt\/","title":{"rendered":"V\u00e1lvula combinadora divisora de caudal proporcional hidr\u00e1ulica, 2 v\u00edas, 50:50, 16 GPM, 1\/2\u2033 NPT"},"content":{"rendered":"<p><strong>SKU:<\/strong> B100-08N<\/p>\n<ul>\n<li>Divide el fluido de la bomba en dos flujos de salida con una relaci\u00f3n 50:50.<\/li>\n<li>Compensaci\u00f3n de presi\u00f3n en ambas salidas.<\/li>\n<li>La divisi\u00f3n del fluido y la relaci\u00f3n permanecer\u00e1n constantes (50:50) incluso cuando se realicen diferentes cargas de trabajo.<\/li>\n<li>El flujo puede invertirse<\/li>\n<li>El carrete de acero con tratamiento t\u00e9rmico rectificado con precisi\u00f3n garantiza una larga vida \u00fatil.<\/li>\n<li>La v\u00e1lvula puede montarse en cualquier orientaci\u00f3n<\/li>\n<li>2 orificios de montaje pasantes (9\/32\" de di\u00e1metro)<\/li>\n<\/ul>\n<p><strong>Caracter\u00edsticas:<\/strong><\/p>\n<ul>\n<li>Tama\u00f1o del puerto: 1\/2\" NPT<\/li>\n<li>Cuerpo de hierro fundido<\/li>\n<li>Juntas t\u00f3ricas de Buna N<\/li>\n<li>Presi\u00f3n m\u00e1xima de trabajo: 3000 PSI<\/li>\n<li>Caudal m\u00ednimo de entrada: 8 GPM<\/li>\n<li>Caudal m\u00e1ximo de entrada: 16 GPM<\/li>\n<li>Relaci\u00f3n de caudal de salida: 50:50<\/li>\n<\/ul>\n<p><strong>Sustituye a:<\/strong><\/p>\n<ul>\n<li>Marca B100-\u00bd<\/li>\n<\/ul>","protected":false},"excerpt":{"rendered":"<p><strong>ENV\u00cdO GRATUITO<\/strong><\/p>\n<p><span style=\"font-weight: 400\">V\u00e1lvula combinadora divisora de caudal proporcional hidr\u00e1ulica, 2 v\u00edas, 50:50, 16 GPM, \u00bd\" NPT<\/span><\/p>","protected":false},"featured_media":7068,"comment_status":"open","ping_status":"closed","template":"","meta":[],"product_brand":[],"product_cat":[2877,1446,7],"product_tag":[],"class_list":{"0":"post-6977","1":"product","2":"type-product","3":"status-publish","4":"has-post-thumbnail","6":"product_cat-flow-dividers","7":"product_cat-hydraulic-flow-divider","8":"product_cat-hydraulic-multipliers","10":"first","11":"instock","12":"taxable","13":"shipping-taxable","14":"purchasable","15":"product-type-simple"},"_links":{"self":[{"href":"https:\/\/staging.summit-hydraulics.com\/es\/wp-json\/wp\/v2\/product\/6977","targetHints":{"allow":["GET"]}}],"collection":[{"href":"https:\/\/staging.summit-hydraulics.com\/es\/wp-json\/wp\/v2\/product"}],"about":[{"href":"https:\/\/staging.summit-hydraulics.com\/es\/wp-json\/wp\/v2\/types\/product"}],"replies":[{"embeddable":true,"href":"https:\/\/staging.summit-hydraulics.com\/es\/wp-json\/wp\/v2\/comments?post=6977"}],"wp:featuredmedia":[{"embeddable":true,"href":"https:\/\/staging.summit-hydraulics.com\/es\/wp-json\/wp\/v2\/media\/7068"}],"wp:attachment":[{"href":"https:\/\/staging.summit-hydraulics.com\/es\/wp-json\/wp\/v2\/media?parent=6977"}],"wp:term":[{"taxonomy":"product_brand","embeddable":true,"href":"https:\/\/staging.summit-hydraulics.com\/es\/wp-json\/wp\/v2\/product_brand?post=6977"},{"taxonomy":"product_cat","embeddable":true,"href":"https:\/\/staging.summit-hydraulics.com\/es\/wp-json\/wp\/v2\/product_cat?post=6977"},{"taxonomy":"product_tag","embeddable":true,"href":"https:\/\/staging.summit-hydraulics.com\/es\/wp-json\/wp\/v2\/product_tag?post=6977"}],"curies":[{"name":"wp","href":"https:\/\/api.w.org\/{rel}","templated":true}]}}