 {"id":7055,"date":"2018-10-16T10:43:12","date_gmt":"2018-10-16T15:43:12","guid":{"rendered":"https:\/\/staging.summit-hydraulics.com\/?post_type=product&#038;p=7055"},"modified":"2024-11-15T10:45:45","modified_gmt":"2024-11-15T17:45:45","slug":"arnes-de-cables-de-extension-para-valvulas-de-la-serie-dv-de-summit","status":"publish","type":"product","link":"https:\/\/staging.summit-hydraulics.com\/es\/product\/extension-cable-harness-for-summit-dv-series-valves\/","title":{"rendered":"Mazo de cables de extensi\u00f3n para v\u00e1lvulas Summit serie DV"},"content":{"rendered":"<p>Mazo de cables de extensi\u00f3n para v\u00e1lvulas Summit serie DV con conector DIN de 3 patillas<\/p>\n<p>EXTREMO 1: Conector DIN 43650 de 3 clavijas<\/p>\n<p>EXTREMO 2: Conector Deutsch hembra de 2 pines<\/p>\n<p>Disponible en longitudes de 10 y 20 pies<\/p>","protected":false},"excerpt":{"rendered":"<p><strong>ENV\u00cdO GRATUITO<\/strong><\/p>","protected":false},"featured_media":4276,"comment_status":"open","ping_status":"closed","template":"","meta":[],"product_brand":[],"product_cat":[3748,2178,1442,2181],"product_tag":[4823,2460,2461,2466,2473],"class_list":{"0":"post-7055","1":"product","2":"type-product","3":"status-publish","4":"has-post-thumbnail","6":"product_cat-diverter-valve-switches","7":"product_cat-hydraulic-diverter-valve-accessories","8":"product_cat-hydraulic-diverter-valves","9":"product_cat-switches-harnesses-and-connectors","10":"product_tag-valve-switch","11":"product_tag-joystick-handle-switch","12":"product_tag-maintained-switch","13":"product_tag-momentary-switch","14":"product_tag-switch-box-control","16":"first","17":"onbackorder","18":"taxable","19":"shipping-taxable","20":"purchasable","21":"product-type-variable","22":"has-default-attributes"},"_links":{"self":[{"href":"https:\/\/staging.summit-hydraulics.com\/es\/wp-json\/wp\/v2\/product\/7055","targetHints":{"allow":["GET"]}}],"collection":[{"href":"https:\/\/staging.summit-hydraulics.com\/es\/wp-json\/wp\/v2\/product"}],"about":[{"href":"https:\/\/staging.summit-hydraulics.com\/es\/wp-json\/wp\/v2\/types\/product"}],"replies":[{"embeddable":true,"href":"https:\/\/staging.summit-hydraulics.com\/es\/wp-json\/wp\/v2\/comments?post=7055"}],"wp:featuredmedia":[{"embeddable":true,"href":"https:\/\/staging.summit-hydraulics.com\/es\/wp-json\/wp\/v2\/media\/4276"}],"wp:attachment":[{"href":"https:\/\/staging.summit-hydraulics.com\/es\/wp-json\/wp\/v2\/media?parent=7055"}],"wp:term":[{"taxonomy":"product_brand","embeddable":true,"href":"https:\/\/staging.summit-hydraulics.com\/es\/wp-json\/wp\/v2\/product_brand?post=7055"},{"taxonomy":"product_cat","embeddable":true,"href":"https:\/\/staging.summit-hydraulics.com\/es\/wp-json\/wp\/v2\/product_cat?post=7055"},{"taxonomy":"product_tag","embeddable":true,"href":"https:\/\/staging.summit-hydraulics.com\/es\/wp-json\/wp\/v2\/product_tag?post=7055"}],"curies":[{"name":"wp","href":"https:\/\/api.w.org\/{rel}","templated":true}]}}