 {"id":72833,"date":"2022-07-25T14:28:40","date_gmt":"2022-07-25T21:28:40","guid":{"rendered":"https:\/\/staging.summit-hydraulics.com\/?post_type=product&#038;p=72833"},"modified":"2024-11-15T11:05:46","modified_gmt":"2024-11-15T18:05:46","slug":"valvula-reguladora-de-caudal-variable-hidraulica-en-linea-con-inversion-de-flujo-libre-3-8-npt","status":"publish","type":"product","link":"https:\/\/staging.summit-hydraulics.com\/es\/product\/hydraulic-in-line-adjustable-variable-flow-control-valve-w-free-reverse-flow-3-8-npt\/","title":{"rendered":"V\u00e1lvula de control de flujo variable ajustable en l\u00ednea hidr\u00e1ulica con flujo inverso libre, 3\/8\u2033 NPT"},"content":{"rendered":"<p><span style=\"font-weight: 400;\">La v\u00e1lvula de control de flujo variable ajustable en l\u00ednea de Summit Hydraulics con flujo inverso libre, 3\/8\u2033 NPT funciona muy bien en cualquier sistema hidr\u00e1ulico. La v\u00e1lvula se utiliza para proporcionar control de flujo y cierre en una direcci\u00f3n con flujo inverso libre en la direcci\u00f3n opuesta. El control de precisi\u00f3n le permite proporcionar la cantidad exacta de flujo que necesita para el sistema hidr\u00e1ulico. Gire la maneta hasta el ajuste de caudal exacto que necesite.<\/span><\/p>\n<p>Nuestro conjunto de v\u00e1lvula de control de caudal se instala f\u00e1cilmente en l\u00ednea para mayor comodidad y f\u00e1cil acceso del usuario.<\/p>\n<ul>\n<li>V\u00e1lvula de control de flujo variable ajustable en l\u00ednea hidr\u00e1ulica con flujo inverso libre, 3\/8\u2033 NPT<\/li>\n<li><span style=\"font-weight: 400;\">El pomo de ajuste cincado permite un ajuste preciso de la v\u00e1lvula<\/span><\/li>\n<li><span style=\"font-weight: 400;\">El tornillo de fijaci\u00f3n permite bloquear la empu\u00f1adura<\/span><\/li>\n<li><span style=\"font-weight: 400;\">Construcci\u00f3n resistente<\/span><\/li>\n<li><span style=\"font-weight: 400;\">Cuerpo de acero al carbono con acabado de \u00f3xido negro<\/span><\/li>\n<li><span style=\"font-weight: 400;\">Presi\u00f3n de apertura: 7,25 PSI<\/span><\/li>\n<li><span style=\"font-weight: 400;\">Caudal m\u00e1ximo:  15 GPM (60 L\/Min)<\/span><\/li>\n<li><span style=\"font-weight: 400;\">Caudal m\u00e1ximo: 15,85 GPM (60 l\/m)<\/span><\/li>\n<li><span style=\"font-weight: 400;\">Presi\u00f3n m\u00e1xima: 5000 PSI<\/span><\/li>\n<li><span style=\"font-weight: 400;\">Juntas t\u00f3ricas de Buna N<\/span><\/li>\n<li>Puertos roscados NPT de 3\/8<\/li>\n<\/ul>\n<p>Consulte nuestra lista de Summit Hydraulics<a href=\"https:\/\/staging.summit-hydraulics.com\/es\/categoria-de-producto\/valvulas\/valvulas-de-caudal-regulable\/\"> v\u00e1lvulas reguladoras de caudal<\/a> \u00a1aqu\u00ed! Nuestras v\u00e1lvulas de control de flujo ajustables en l\u00ednea vienen en tama\u00f1os de 1\/8\u2033, 1\/4\u2033, 3\/8\u2033, 1\/2\u2033 y 3\/4\u2033 para satisfacer la mayor\u00eda de los requisitos hidr\u00e1ulicos.<\/p>","protected":false},"excerpt":{"rendered":"<p>V\u00e1lvula de control de caudal variable ajustable en l\u00ednea hidr\u00e1ulica, 3\/8\" NPT<\/p>\n<p><strong>Env\u00edo gratuito\u00a0<\/strong><\/p>","protected":false},"featured_media":72836,"comment_status":"open","ping_status":"closed","template":"","meta":[],"product_brand":[],"product_cat":[1495],"product_tag":[],"class_list":{"0":"post-72833","1":"product","2":"type-product","3":"status-publish","4":"has-post-thumbnail","6":"product_cat-adjustable-flow-valves","8":"first","9":"instock","10":"taxable","11":"shipping-taxable","12":"purchasable","13":"product-type-simple"},"_links":{"self":[{"href":"https:\/\/staging.summit-hydraulics.com\/es\/wp-json\/wp\/v2\/product\/72833","targetHints":{"allow":["GET"]}}],"collection":[{"href":"https:\/\/staging.summit-hydraulics.com\/es\/wp-json\/wp\/v2\/product"}],"about":[{"href":"https:\/\/staging.summit-hydraulics.com\/es\/wp-json\/wp\/v2\/types\/product"}],"replies":[{"embeddable":true,"href":"https:\/\/staging.summit-hydraulics.com\/es\/wp-json\/wp\/v2\/comments?post=72833"}],"wp:featuredmedia":[{"embeddable":true,"href":"https:\/\/staging.summit-hydraulics.com\/es\/wp-json\/wp\/v2\/media\/72836"}],"wp:attachment":[{"href":"https:\/\/staging.summit-hydraulics.com\/es\/wp-json\/wp\/v2\/media?parent=72833"}],"wp:term":[{"taxonomy":"product_brand","embeddable":true,"href":"https:\/\/staging.summit-hydraulics.com\/es\/wp-json\/wp\/v2\/product_brand?post=72833"},{"taxonomy":"product_cat","embeddable":true,"href":"https:\/\/staging.summit-hydraulics.com\/es\/wp-json\/wp\/v2\/product_cat?post=72833"},{"taxonomy":"product_tag","embeddable":true,"href":"https:\/\/staging.summit-hydraulics.com\/es\/wp-json\/wp\/v2\/product_tag?post=72833"}],"curies":[{"name":"wp","href":"https:\/\/api.w.org\/{rel}","templated":true}]}}