 {"id":8012,"date":"2018-12-28T14:32:56","date_gmt":"2018-12-28T21:32:56","guid":{"rendered":"https:\/\/staging.summit-hydraulics.com\/?post_type=product&#038;p=8012"},"modified":"2024-11-15T11:05:32","modified_gmt":"2024-11-15T18:05:32","slug":"3-4%e2%80%b3-flat-face-high-flow-hydraulic-quick-connect-male-coupler-1%e2%80%b3-npt-thread","status":"publish","type":"product","link":"https:\/\/staging.summit-hydraulics.com\/es\/product\/3-4%e2%80%b3-flat-face-high-flow-hydraulic-quick-connect-male-coupler-1%e2%80%b3-npt-thread\/","title":{"rendered":"Acoplador macho de conexi\u00f3n r\u00e1pida hidr\u00e1ulica de 3\/4\u2033 de cara plana y alto caudal, rosca NPT de 1\u2033."},"content":{"rendered":"<p><strong>SKU:<\/strong> FF34M-16N<\/p>\n<p><span style=\"font-family: verdana, geneva, sans-serif;\">Esta serie de acopladores son los acopladores de conexi\u00f3n r\u00e1pida m\u00e1s utilizados en los sectores de la agricultura, la construcci\u00f3n y la explotaci\u00f3n forestal.  Son intercambiables con todas las series ISO 5675, incluida la v\u00e1lvula de asiento esf\u00e9rico, la junta de asiento y los acoplamientos push-pull.<\/span><\/p>\n<p><span style=\"font-family: verdana, geneva, sans-serif;\"><strong>Tama\u00f1o del cuerpo ISO<\/strong>: 3\/4\"<\/span><\/p>\n<p><span style=\"font-family: verdana, geneva, sans-serif;\"><strong>Hilo del puerto<\/strong>: 1\" NPT<\/span><\/p>\n<p><span style=\"font-family: verdana, geneva, sans-serif;\"><strong>Beneficios:<\/strong><\/span><\/p>\n<ul>\n<li>Uso general<\/li>\n<li>Agricultura tipo obturador<\/li>\n<li>Bolas de bloqueo radiales<\/li>\n<li>Conexi\u00f3n y desconexi\u00f3n manual<\/li>\n<li>Dise\u00f1o f\u00e1cil de conectar con una sola mano<\/li>\n<li>La junta de la boquilla resiste los reventones<\/li>\n<li>Intercambiable con otros <span style=\"font-family: verdana, geneva, sans-serif;\">ISO 5675<\/span> acoplamientos est\u00e1ndar<\/li>\n<\/ul>\n<p><span style=\"font-family: verdana, geneva, sans-serif;\"><strong>Caracter\u00edsticas:<\/strong><\/span><\/p>\n<ul>\n<li><span style=\"font-family: verdana, geneva, sans-serif;\">Clasificaci\u00f3n 5100 PSI<\/span><\/li>\n<li><span style=\"font-family: verdana, geneva, sans-serif;\">Caudal m\u00e1ximo de 52 GPM<\/span><\/li>\n<li>Caudal nominal de 28 GPM<\/li>\n<li>Di\u00e1metro de la cara macho: 1,18\" (30 mm)<\/li>\n<li>Longitud del macho: 3,19\" (81 mm)<\/li>\n<li>Hex: 1,61\" (40,89 mm)<\/li>\n<\/ul>\n<p><strong>Intercambiable con:<\/strong><\/p>\n<table style=\"height: 188px; width: 545px;\" width=\"623\">\n<tbody>\n<tr>\n<td style=\"width: 255px;\">Fabricante<\/td>\n<td style=\"width: 274px;\">Hombre<\/td>\n<\/tr>\n<tr>\n<td style=\"width: 255px;\">CUMBRE<\/td>\n<td style=\"width: 274px;\">FF34M-16N<\/td>\n<\/tr>\n<tr>\n<td style=\"width: 255px;\">Safeway Serie FFE49<\/td>\n<td style=\"width: 274px;\">FFE491-6<\/td>\n<\/tr>\n<tr>\n<td style=\"width: 255px;\">Serie FFH m\u00e1s r\u00e1pida<\/td>\n<td style=\"width: 274px;\">FFH12 1NPT M<\/td>\n<\/tr>\n<tr>\n<td style=\"width: 255px;\">Eaton Aeroquip FD89<\/td>\n<td style=\"width: 274px;\">FD89-1002-16-10<\/td>\n<\/tr>\n<tr>\n<td style=\"width: 255px;\">Snap Tite Serie 74<\/td>\n<td style=\"width: 274px;\">74N12-16F<\/td>\n<\/tr>\n<tr>\n<td style=\"width: 255px;\">Serie FIRG de Stucchi<\/td>\n<td style=\"width: 274px;\">800801013 M. FIRG 100 NPT<\/td>\n<\/tr>\n<tr>\n<td style=\"width: 255px;\">Serie DNP PLT4<\/td>\n<td style=\"width: 274px;\">FF-HPG-12-16N-NPT<\/td>\n<\/tr>\n<tr>\n<td style=\"width: 255px;\">Serie DNP PLT4<\/td>\n<td style=\"width: 274px;\">FF-HPG-10-12N-SAE<\/td>\n<\/tr>\n<\/tbody>\n<\/table>\n<p><strong>El kit incluye<\/strong>:<\/p>\n<ul>\n<li>1 Acoplador macho<\/li>\n<li>1 Tapa guardapolvo macho<\/li>\n<\/ul>\n<p>&nbsp;<\/p>\n<p><img loading=\"lazy\" decoding=\"async\" class=\"alignnone size-medium wp-image-9184\" src=\"https:\/\/staging.summit-hydraulics.com\/wp-content\/uploads\/2018\/12\/FF34-16N-Dimensions-800x800.jpg\" alt=\"\" width=\"800\" height=\"800\" \/><\/p>","protected":false},"excerpt":{"rendered":"<p><strong>ENV\u00cdO GRATUITO<\/strong><\/p>\n<p>&nbsp;<\/p>\n<p>Acoplador macho de conexi\u00f3n r\u00e1pida hidr\u00e1ulica de 3\/4\u2033 de cara plana y alto caudal, rosca NPT de 1\u2033.<\/p>","protected":false},"featured_media":8358,"comment_status":"open","ping_status":"closed","template":"","meta":[],"product_brand":[],"product_cat":[1451,1951,359,9],"product_tag":[2413,2419,2453,2462],"class_list":{"0":"post-8012","1":"product","2":"type-product","3":"status-publish","4":"has-post-thumbnail","6":"product_cat-hydraulic-3-4-body-flat-face-quick-connect-coupler","7":"product_cat-hydraulic-3-4-body-flat-face-quick-connect-male-couplers","8":"product_cat-quick-disconnect-couplers","9":"product_cat-hydraulic-flat-face-iso-16028-quick-couplers","10":"product_tag-3-4-body","11":"product_tag-1-npt","12":"product_tag-flat-face-coupler","13":"product_tag-male-coupler","14":"pa_thread-type-npt","16":"first","17":"instock","18":"taxable","19":"shipping-taxable","20":"purchasable","21":"product-type-simple"},"_links":{"self":[{"href":"https:\/\/staging.summit-hydraulics.com\/es\/wp-json\/wp\/v2\/product\/8012","targetHints":{"allow":["GET"]}}],"collection":[{"href":"https:\/\/staging.summit-hydraulics.com\/es\/wp-json\/wp\/v2\/product"}],"about":[{"href":"https:\/\/staging.summit-hydraulics.com\/es\/wp-json\/wp\/v2\/types\/product"}],"replies":[{"embeddable":true,"href":"https:\/\/staging.summit-hydraulics.com\/es\/wp-json\/wp\/v2\/comments?post=8012"}],"wp:featuredmedia":[{"embeddable":true,"href":"https:\/\/staging.summit-hydraulics.com\/es\/wp-json\/wp\/v2\/media\/8358"}],"wp:attachment":[{"href":"https:\/\/staging.summit-hydraulics.com\/es\/wp-json\/wp\/v2\/media?parent=8012"}],"wp:term":[{"taxonomy":"product_brand","embeddable":true,"href":"https:\/\/staging.summit-hydraulics.com\/es\/wp-json\/wp\/v2\/product_brand?post=8012"},{"taxonomy":"product_cat","embeddable":true,"href":"https:\/\/staging.summit-hydraulics.com\/es\/wp-json\/wp\/v2\/product_cat?post=8012"},{"taxonomy":"product_tag","embeddable":true,"href":"https:\/\/staging.summit-hydraulics.com\/es\/wp-json\/wp\/v2\/product_tag?post=8012"}],"curies":[{"name":"wp","href":"https:\/\/api.w.org\/{rel}","templated":true}]}}