 {"id":8014,"date":"2018-12-19T13:32:45","date_gmt":"2018-12-19T20:32:45","guid":{"rendered":"https:\/\/staging.summit-hydraulics.com\/?post_type=product&#038;p=8014"},"modified":"2024-11-15T11:02:51","modified_gmt":"2024-11-15T18:02:51","slug":"3-4%e2%80%b3-cara-plana-alto-caudal-hidraulico-acoplador-rapido-hembra-1%e2%80%b3-rosca-sae-copia","status":"publish","type":"product","link":"https:\/\/staging.summit-hydraulics.com\/es\/product\/3-4%e2%80%b3-flat-face-high-flow-hydraulic-quick-connect-female-coupler-1%e2%80%b3-sae-thread-copy\/","title":{"rendered":"Acoplador r\u00e1pido hidr\u00e1ulico hembra de 3\/4\u2033 de cara plana y alto caudal, rosca SAE de 1\u2033."},"content":{"rendered":"<p><strong>SKU:<\/strong> FF34M-16S<\/p>\n<p><strong>Tama\u00f1o:<\/strong> 3\/4\u2033 Cuerpo con 1\u2033 SAE<\/p>\n<p><span style=\"font-family: verdana, geneva, sans-serif;\"><strong>Beneficios:<\/strong><\/span><\/p>\n<ul>\n<li>El dise\u00f1o de la v\u00e1lvula de cara rasante minimiza la p\u00e9rdida de fluido y la inclusi\u00f3n de aire<\/li>\n<li>El recubrimiento de zinc-n\u00edquel proporciona una resistencia superior a la corrosi\u00f3n<\/li>\n<li>Construcci\u00f3n de acero templado con casquillos endurecidos<\/li>\n<li>Permite ca\u00eddas de presi\u00f3n m\u00ednimas<\/li>\n<li><span style=\"font-family: verdana, geneva, sans-serif;\">El manguito de bloqueo ayuda a evitar desconexiones accidentales<\/span><\/li>\n<li>La junta de la boquilla resiste los reventones<\/li>\n<li>Intercambiable con otros acoplamientos normalizados ISO 16028<\/li>\n<\/ul>\n<p><span style=\"font-family: verdana, geneva, sans-serif;\"><strong>Caracter\u00edsticas:<\/strong><\/span><\/p>\n<ul>\n<li>Presi\u00f3n nominal de 5.076 PSI<\/li>\n<li>52 GPM Caudal m\u00e1ximo<\/li>\n<li>Caudal nominal de 28 GPM<\/li>\n<li>Las juntas de Buna-N con anillo de refuerzo de tefl\u00f3n pueden funcionar hasta 250\u00b0 F<\/li>\n<li>Di\u00e1metro de la cara hembra: 1,89\" (48 mm)<\/li>\n<li>Longitud hembra: 3,84\" (97 mm)<\/li>\n<li>Hex: 1,61\" (41 mm)<\/li>\n<\/ul>\n<p><strong>Intercambiable con:<\/strong><\/p>\n<table style=\"height: 189px; width: 516px;\" width=\"623\">\n<tbody>\n<tr style=\"height: 21px;\">\n<td style=\"width: 252px; height: 21px;\">Fabricante<\/td>\n<td style=\"width: 248px; height: 21px;\">Mujer<\/td>\n<\/tr>\n<tr style=\"height: 21px;\">\n<td style=\"width: 252px; height: 21px;\">CUMBRE<\/td>\n<td style=\"width: 248px; height: 21px;\">FF34F-16S<\/td>\n<\/tr>\n<tr style=\"height: 21px;\">\n<td style=\"width: 252px; height: 21px;\">Safeway Serie FFE49<\/td>\n<td style=\"width: 248px; height: 21px;\">FFE495-6-16<\/td>\n<\/tr>\n<tr style=\"height: 21px;\">\n<td style=\"width: 252px; height: 21px;\">Serie FFH m\u00e1s r\u00e1pida<\/td>\n<td style=\"width: 248px; height: 21px;\">FFH12 1SAE F<\/td>\n<\/tr>\n<tr style=\"height: 21px;\">\n<td style=\"width: 252px; height: 21px;\">Eaton Aeroquip FD89<\/td>\n<td style=\"width: 248px; height: 21px;\">FD89-1005-16-12<\/td>\n<\/tr>\n<tr style=\"height: 21px;\">\n<td style=\"width: 252px; height: 21px;\">Snap Tite Serie 74<\/td>\n<td style=\"width: 248px; height: 21px;\">74C12-16EF<\/td>\n<\/tr>\n<tr style=\"height: 21px;\">\n<td style=\"width: 252px; height: 21px;\">Serie FIRG de Stucchi<\/td>\n<td style=\"width: 248px; height: 21px;\">800804012<\/td>\n<\/tr>\n<tr style=\"height: 21px;\">\n<td style=\"width: 252px; height: 21px;\">Serie DNP PLT4<\/td>\n<td style=\"width: 248px; height: 21px;\">FF-HPG-12-16C-SAE<\/td>\n<\/tr>\n<\/tbody>\n<\/table>\n<p><strong>El kit incluye<\/strong>:<\/p>\n<ul>\n<li>1 Acoplador hembra<\/li>\n<li>1 Tapa guardapolvo hembra<\/li>\n<\/ul>\n<p>&nbsp;<\/p>\n<p><img loading=\"lazy\" decoding=\"async\" class=\"alignnone size-medium wp-image-9185\" src=\"https:\/\/staging.summit-hydraulics.com\/wp-content\/uploads\/2018\/12\/FF34-16S-Dimensions-800x800.jpg\" alt=\"\" width=\"800\" height=\"800\" \/><\/p>","protected":false},"excerpt":{"rendered":"<p><strong>ENV\u00cdO GRATUITO<\/strong><\/p>\n<p>&nbsp;<\/p>\n<p>Acoplador r\u00e1pido hidr\u00e1ulico hembra de 3\/4\u2033 de cara plana y alto caudal, rosca SAE de 1\u2033.<\/p>","protected":false},"featured_media":8357,"comment_status":"open","ping_status":"closed","template":"","meta":[],"product_brand":[],"product_cat":[1451,359,1952,9],"product_tag":[2413,2420,2452,2453],"class_list":{"0":"post-8014","1":"product","2":"type-product","3":"status-publish","4":"has-post-thumbnail","6":"product_cat-hydraulic-3-4-body-flat-face-quick-connect-coupler","7":"product_cat-quick-disconnect-couplers","8":"product_cat-hydraulic-3-4-body-flat-face-quick-connect-female-couplers","9":"product_cat-hydraulic-flat-face-iso-16028-quick-couplers","10":"product_tag-3-4-body","11":"product_tag-1-sae","12":"product_tag-female-coupler","13":"product_tag-flat-face-coupler","14":"pa_thread-type-sae-orb","16":"first","17":"instock","18":"taxable","19":"shipping-taxable","20":"purchasable","21":"product-type-simple"},"_links":{"self":[{"href":"https:\/\/staging.summit-hydraulics.com\/es\/wp-json\/wp\/v2\/product\/8014","targetHints":{"allow":["GET"]}}],"collection":[{"href":"https:\/\/staging.summit-hydraulics.com\/es\/wp-json\/wp\/v2\/product"}],"about":[{"href":"https:\/\/staging.summit-hydraulics.com\/es\/wp-json\/wp\/v2\/types\/product"}],"replies":[{"embeddable":true,"href":"https:\/\/staging.summit-hydraulics.com\/es\/wp-json\/wp\/v2\/comments?post=8014"}],"wp:featuredmedia":[{"embeddable":true,"href":"https:\/\/staging.summit-hydraulics.com\/es\/wp-json\/wp\/v2\/media\/8357"}],"wp:attachment":[{"href":"https:\/\/staging.summit-hydraulics.com\/es\/wp-json\/wp\/v2\/media?parent=8014"}],"wp:term":[{"taxonomy":"product_brand","embeddable":true,"href":"https:\/\/staging.summit-hydraulics.com\/es\/wp-json\/wp\/v2\/product_brand?post=8014"},{"taxonomy":"product_cat","embeddable":true,"href":"https:\/\/staging.summit-hydraulics.com\/es\/wp-json\/wp\/v2\/product_cat?post=8014"},{"taxonomy":"product_tag","embeddable":true,"href":"https:\/\/staging.summit-hydraulics.com\/es\/wp-json\/wp\/v2\/product_tag?post=8014"}],"curies":[{"name":"wp","href":"https:\/\/api.w.org\/{rel}","templated":true}]}}