 {"id":8066,"date":"2018-12-20T10:38:44","date_gmt":"2018-12-20T17:38:44","guid":{"rendered":"https:\/\/staging.summit-hydraulics.com\/?post_type=product&#038;p=8066"},"modified":"2024-11-15T11:05:51","modified_gmt":"2024-11-15T18:05:51","slug":"producto-1-4-npt-iso-7241-b-acero-inoxidable-desconexion-rapida-hidraulica-acoplador-hembra","status":"publish","type":"product","link":"https:\/\/staging.summit-hydraulics.com\/es\/product\/product-1-4-npt-iso-7241-b-stainless-steel-quick-disconnect-hydraulic-female-coupler\/","title":{"rendered":"Acoplador hidr\u00e1ulico hembra de desconexi\u00f3n r\u00e1pida de 1\/4\u2033 NPT ISO 7241-B de acero inoxidable"},"content":{"rendered":"<p><strong>SKU:<\/strong> BSS14F-04N<\/p>\n<p>Los enchufes r\u00e1pidos ISO 7241 de la serie B se utilizan en una amplia gama de aplicaciones hidr\u00e1ulicas con estrictas normas de calidad, como las industrias aeroespacial, automovil\u00edstica y electr\u00f3nica. Tambi\u00e9n se recomiendan para aplicaciones de uso general, m\u00e1quinas herramienta, hidr\u00e1ulica m\u00f3vil y otros equipos. Nuestros acopladores de la serie B son intercambiables con todos los acopladores ISO 7241 de la serie B.<\/p>\n<p><strong>Tama\u00f1o del cuerpo:<\/strong>\u00a01\/4\u2033 Cuerpo<\/p>\n<p><strong>Tama\u00f1o de rosca:<\/strong>\u00a0V\u00e1lvula de asiento con rosca 1\/4\u2033 NPT<\/p>\n<p><span style=\"font-family: verdana, geneva, sans-serif;\"><strong>Beneficios:<\/strong><\/span><\/p>\n<ul>\n<li>Material del cuerpo: Acero inoxidable 316 o 304<\/li>\n<li>Material del muelle: Acero inoxidable 304<\/li>\n<li>Material de la bola de bloqueo: Acero inoxidable 316 o 304<\/li>\n<li>Cuerpo de acero inoxidable muy resistente a la corrosi\u00f3n<\/li>\n<li>V\u00e1lvula de asiento autosellante Excelente estanqueidad a altas y bajas presiones<\/li>\n<li>Tipo de junta: Viton FKM<\/li>\n<li>V\u00e1lvula de asiento autosellante Excelente estanqueidad a altas y bajas presiones<\/li>\n<li>Intercambiable con todos los acoplamientos ISO 7241 serie B<\/li>\n<li>Temperatura de funcionamiento: -15\u00b0F a +400\u00b0F<\/li>\n<\/ul>\n<p><span style=\"font-family: verdana, geneva, sans-serif;\"><strong>Caracter\u00edsticas:<\/strong><\/span><\/p>\n<ul>\n<li>Clasificaci\u00f3n 3600 PSI<\/li>\n<li>Capacidad de rotura de 14.500 PSI (acoplado)<\/li>\n<li>Caudal nominal: 3.17 GPM<\/li>\n<li>Caudal m\u00e1ximo: 6,34 GPM<\/li>\n<li>Di\u00e1metro de la cara hembra 1,1\" (27,94 mm)<\/li>\n<li>Longitud hembra: 2,26\" (57,4 mm)<\/li>\n<li>Hex: 0,74\" (18,79 mm)<\/li>\n<\/ul>\n<p><strong>316 Variante Intercambiable con:<\/strong><\/p>\n<table style=\"height: 273px; width: 430px;\" width=\"623\">\n<tbody>\n<tr>\n<td style=\"width: 201px;\">Fabricante<\/td>\n<td style=\"width: 213px;\">Mujer<\/td>\n<\/tr>\n<tr>\n<td style=\"width: 201px;\">CUMBRE<\/td>\n<td style=\"width: 213px;\">BSS14F-04N<\/td>\n<\/tr>\n<tr>\n<td style=\"width: 201px;\">Parker Serie 60<\/td>\n<td style=\"width: 213px;\">SSH2-62Y<\/td>\n<\/tr>\n<tr>\n<td style=\"width: 201px;\">Safeway Serie SS10<\/td>\n<td style=\"width: 213px;\">SS105-2<\/td>\n<\/tr>\n<tr>\n<td style=\"width: 201px;\">Acero inoxidable HNV m\u00e1s r\u00e1pido<\/td>\n<td style=\"width: 213px;\">HNV 14 NPT F 2V<\/td>\n<\/tr>\n<tr>\n<td style=\"width: 201px;\">Snap-Tite Serie 72<\/td>\n<td style=\"width: 213px;\">SS72C4-4F<\/td>\n<\/tr>\n<tr>\n<td style=\"width: 201px;\">Stucchi Serie IRBX<\/td>\n<td style=\"width: 213px;\">F IRBX14 NPT<br \/>\n804601102<\/td>\n<\/tr>\n<tr>\n<td style=\"width: 201px;\">Dixon Serie H<\/td>\n<td style=\"width: 213px;\">2HF2-SS<\/td>\n<\/tr>\n<tr>\n<td style=\"width: 201px;\">Eaton Serie HK<\/td>\n<td style=\"width: 213px;\">LL2H16<\/td>\n<\/tr>\n<tr>\n<td style=\"width: 201px;\">Serie DNP HNV<\/td>\n<td style=\"width: 213px;\">HNV-SS316-04-04-C-NPT<\/td>\n<\/tr>\n<\/tbody>\n<\/table>\n<p><strong>El kit incluye<\/strong>:<\/p>\n<ul>\n<li>1 Acoplador hembra<\/li>\n<\/ul>","protected":false},"excerpt":{"rendered":"<p><strong>ENV\u00cdO GRATUITO<\/strong><\/p>\n<p>Acoplador hidr\u00e1ulico hembra de desconexi\u00f3n r\u00e1pida de 1\/4\u2033 NPT ISO 7241-B de acero inoxidable<\/p>","protected":false},"featured_media":7746,"comment_status":"open","ping_status":"closed","template":"","meta":[],"product_brand":[],"product_cat":[1981,10,359,1727],"product_tag":[2401,2402,2452,2457],"class_list":{"0":"post-8066","1":"product","2":"type-product","3":"status-publish","4":"has-post-thumbnail","6":"product_cat-hydraulic-stainless-steel-iso-7241-b-female-couplers","7":"product_cat-iso-7241-b-quick-couplers","8":"product_cat-quick-disconnect-couplers","9":"product_cat-hydraulic-stainless-steel-iso-7241-b-quick-couplers","10":"product_tag-1-4-body","11":"product_tag-1-4-npt","12":"product_tag-female-coupler","13":"product_tag-iso-7241-b","14":"pa_thread-type-npt","16":"first","17":"instock","18":"taxable","19":"shipping-taxable","20":"purchasable","21":"product-type-variable"},"_links":{"self":[{"href":"https:\/\/staging.summit-hydraulics.com\/es\/wp-json\/wp\/v2\/product\/8066","targetHints":{"allow":["GET"]}}],"collection":[{"href":"https:\/\/staging.summit-hydraulics.com\/es\/wp-json\/wp\/v2\/product"}],"about":[{"href":"https:\/\/staging.summit-hydraulics.com\/es\/wp-json\/wp\/v2\/types\/product"}],"replies":[{"embeddable":true,"href":"https:\/\/staging.summit-hydraulics.com\/es\/wp-json\/wp\/v2\/comments?post=8066"}],"wp:featuredmedia":[{"embeddable":true,"href":"https:\/\/staging.summit-hydraulics.com\/es\/wp-json\/wp\/v2\/media\/7746"}],"wp:attachment":[{"href":"https:\/\/staging.summit-hydraulics.com\/es\/wp-json\/wp\/v2\/media?parent=8066"}],"wp:term":[{"taxonomy":"product_brand","embeddable":true,"href":"https:\/\/staging.summit-hydraulics.com\/es\/wp-json\/wp\/v2\/product_brand?post=8066"},{"taxonomy":"product_cat","embeddable":true,"href":"https:\/\/staging.summit-hydraulics.com\/es\/wp-json\/wp\/v2\/product_cat?post=8066"},{"taxonomy":"product_tag","embeddable":true,"href":"https:\/\/staging.summit-hydraulics.com\/es\/wp-json\/wp\/v2\/product_tag?post=8066"}],"curies":[{"name":"wp","href":"https:\/\/api.w.org\/{rel}","templated":true}]}}