 {"id":9303,"date":"2019-02-04T16:22:21","date_gmt":"2019-02-04T22:22:21","guid":{"rendered":"https:\/\/staging.summit-hydraulics.com\/?post_type=product&#038;p=9303"},"modified":"2024-11-15T10:16:15","modified_gmt":"2024-11-15T17:16:15","slug":"kit-de-apilamiento-de-2-unidades-para-valvulas-dv50","status":"publish","type":"product","link":"https:\/\/staging.summit-hydraulics.com\/es\/product\/2-unit-stacking-kit-for-dv50-valves\/","title":{"rendered":"Kits de apilamiento para v\u00e1lvulas de desv\u00edo DV50"},"content":{"rendered":"<p>SKU: DV50-2STK<\/p>\n<p>Kits de apilamiento para dos v\u00e1lvulas de desv\u00edo DV50<\/p>\n<p>&nbsp;<\/p>\n<p>SKU: DV50-3STK<\/p>\n<p>Kits de apilamiento para tres v\u00e1lvulas de desv\u00edo DV50<\/p>\n<p>&nbsp;<\/p>\n<p>Kit utilizado para conectar v\u00e1lvulas desviadoras DV50 en serie.<\/p>\n<p>Kit de apilamiento de 2 v\u00e1lvulas: Conecta juntas 2 v\u00e1lvulas para permitir el control de 3 funciones desde una palanca de control.<\/p>\n<p>Kit de apilamiento de 3 v\u00e1lvulas: Conecta juntas 3 v\u00e1lvulas para permitir el control de 3 funciones desde una palanca de control.<\/p>\n<p><strong>El kit incluye:<\/strong><\/p>\n<ul>\n<li>Tirantes<\/li>\n<li>Tuercas de bloqueo<\/li>\n<li>Kit de juntas t\u00f3ricas<\/li>\n<\/ul>\n<p>Tambi\u00e9n disponemos de un kit de apilamiento para nuestros <a href=\"https:\/\/staging.summit-hydraulics.com\/es\/producto\/kit-de-apilamiento-para-valvulas-distribuidoras-dv90\/\">V\u00e1lvulas de la serie DV90<\/a>.<\/p>","protected":false},"excerpt":{"rendered":"<p>El kit de apilamiento de 2 \u00f3 3 unidades para v\u00e1lvulas de desv\u00edo hidr\u00e1ulicas DV50 le permite conectar varias v\u00e1lvulas de desv\u00edo entre s\u00ed.<\/p>\n<p><strong>Env\u00edo gratuito\u00a0<\/strong><\/p>","protected":false},"featured_media":50724,"comment_status":"open","ping_status":"closed","template":"","meta":[],"product_brand":[],"product_cat":[2178,1442],"product_tag":[],"class_list":{"0":"post-9303","1":"product","2":"type-product","3":"status-publish","4":"has-post-thumbnail","6":"product_cat-hydraulic-diverter-valve-accessories","7":"product_cat-hydraulic-diverter-valves","9":"first","10":"instock","11":"taxable","12":"shipping-taxable","13":"purchasable","14":"product-type-variable","15":"has-default-attributes"},"_links":{"self":[{"href":"https:\/\/staging.summit-hydraulics.com\/es\/wp-json\/wp\/v2\/product\/9303","targetHints":{"allow":["GET"]}}],"collection":[{"href":"https:\/\/staging.summit-hydraulics.com\/es\/wp-json\/wp\/v2\/product"}],"about":[{"href":"https:\/\/staging.summit-hydraulics.com\/es\/wp-json\/wp\/v2\/types\/product"}],"replies":[{"embeddable":true,"href":"https:\/\/staging.summit-hydraulics.com\/es\/wp-json\/wp\/v2\/comments?post=9303"}],"wp:featuredmedia":[{"embeddable":true,"href":"https:\/\/staging.summit-hydraulics.com\/es\/wp-json\/wp\/v2\/media\/50724"}],"wp:attachment":[{"href":"https:\/\/staging.summit-hydraulics.com\/es\/wp-json\/wp\/v2\/media?parent=9303"}],"wp:term":[{"taxonomy":"product_brand","embeddable":true,"href":"https:\/\/staging.summit-hydraulics.com\/es\/wp-json\/wp\/v2\/product_brand?post=9303"},{"taxonomy":"product_cat","embeddable":true,"href":"https:\/\/staging.summit-hydraulics.com\/es\/wp-json\/wp\/v2\/product_cat?post=9303"},{"taxonomy":"product_tag","embeddable":true,"href":"https:\/\/staging.summit-hydraulics.com\/es\/wp-json\/wp\/v2\/product_tag?post=9303"}],"curies":[{"name":"wp","href":"https:\/\/api.w.org\/{rel}","templated":true}]}}